{"id":8861,"date":"2024-11-05T14:25:22","date_gmt":"2024-11-05T13:25:22","guid":{"rendered":"https:\/\/ferapalma.com\/?page_id=8861"},"modified":"2025-01-30T08:58:41","modified_gmt":"2025-01-30T07:58:41","slug":"propuesta-gastronomica","status":"publish","type":"page","link":"https:\/\/ferapalma.com\/es\/fera\/propuesta-gastronomica\/","title":{"rendered":"Propuesta Gastron\u00f3mica"},"content":{"rendered":"[vc_row type=\u00bbfull_width_background\u00bb full_screen_row_position=\u00bbmiddle\u00bb column_margin=\u00bbdefault\u00bb equal_height=\u00bbyes\u00bb content_placement=\u00bbbottom\u00bb column_direction=\u00bbdefault\u00bb column_direction_tablet=\u00bbdefault\u00bb column_direction_phone=\u00bbdefault\u00bb video_bg=\u00bbuse_video\u00bb video_webm=\u00bbhttps:\/\/ferapalma.com\/wp-content\/uploads\/2022\/05\/fera-porsche.webm\u00bb video_mp4=\u00bbhttps:\/\/ferapalma.com\/wp-content\/uploads\/2022\/05\/fera-porsche.mp4&#8243; video_ogv=\u00bbhttps:\/\/ferapalma.com\/wp-content\/uploads\/2022\/05\/fera-porsche.ogv\u00bb video_image=\u00bb482&#8243; scene_position=\u00bbcenter\u00bb top_padding=\u00bb15%\u00bb bottom_padding=\u00bb5%\u00bb text_color=\u00bblight\u00bb text_align=\u00bbleft\u00bb row_border_radius=\u00bbnone\u00bb row_border_radius_applies=\u00bbbg\u00bb disable_element=\u00bbyes\u00bb color_overlay=\u00bb#0a0a0a\u00bb overlay_strength=\u00bb0.5&#8243; gradient_direction=\u00bbleft_to_right\u00bb shape_divider_position=\u00bbbottom\u00bb shape_divider_height=\u00bb350&#8243; bg_image_animation=\u00bbnone\u00bb parallax_bg=\u00bbtrue\u00bb parallax_bg_speed=\u00bbfast\u00bb shape_type=\u00bbmountains\u00bb][vc_column column_padding=\u00bbno-extra-padding\u00bb column_padding_tablet=\u00bbinherit\u00bb column_padding_phone=\u00bbinherit\u00bb column_padding_position=\u00bball\u00bb background_color_opacity=\u00bb1&#8243; background_hover_color_opacity=\u00bb1&#8243; column_shadow=\u00bbnone\u00bb column_border_radius=\u00bbnone\u00bb column_link_target=\u00bb_self\u00bb gradient_direction=\u00bbleft_to_right\u00bb overlay_strength=\u00bb0.3&#8243; width=\u00bb1\/1&#8243; tablet_width_inherit=\u00bbdefault\u00bb tablet_text_alignment=\u00bbdefault\u00bb phone_text_alignment=\u00bbdefault\u00bb column_border_width=\u00bbnone\u00bb column_border_style=\u00bbsolid\u00bb bg_image_animation=\u00bbnone\u00bb][vc_row_inner column_margin=\u00bbdefault\u00bb column_direction=\u00bbdefault\u00bb column_direction_tablet=\u00bbdefault\u00bb column_direction_phone=\u00bbdefault\u00bb text_align=\u00bbleft\u00bb][vc_column_inner column_padding=\u00bbno-extra-padding\u00bb column_padding_tablet=\u00bbinherit\u00bb column_padding_phone=\u00bbinherit\u00bb column_padding_position=\u00bball\u00bb background_color_opacity=\u00bb1&#8243; background_hover_color_opacity=\u00bb1&#8243; column_shadow=\u00bbnone\u00bb column_border_radius=\u00bbnone\u00bb column_link_target=\u00bb_self\u00bb gradient_direction=\u00bbleft_to_right\u00bb overlay_strength=\u00bb0.3&#8243; width=\u00bb1\/1&#8243; tablet_width_inherit=\u00bbdefault\u00bb column_border_width=\u00bbnone\u00bb column_border_style=\u00bbsolid\u00bb bg_image_animation=\u00bbnone\u00bb][nectar_highlighted_text color_type=\u00bbregular\u00bb highlight_color=\u00bb#ffffff\u00bb style=\u00bbregular_underline\u00bb underline_thickness=\u00bbdefault\u00bb]\n<h1>Fera restaurante &amp; bar<\/h1>\n[\/nectar_highlighted_text][vc_column_text max_width=\u00bb500&#8243;][\/vc_column_text][divider line_type=\u00bbNo Line\u00bb custom_height=\u00bb25&#8243;][nectar_cta btn_style=\u00bbarrow-animation\u00bb heading_tag=\u00bbh5&#8243; text_color=\u00bb#ffffff\u00bb button_color=\u00bbdefault\u00bb link_type=\u00bbregular\u00bb alignment=\u00bbleft\u00bb display=\u00bbinline\u00bb link_text=\u00bbrestaurante\u00bb url=\u00bb#restaurant\u00bb margin_right=\u00bb25&#8243;][nectar_cta btn_style=\u00bbarrow-animation\u00bb heading_tag=\u00bbh5&#8243; text_color=\u00bb#ffffff\u00bb button_color=\u00bbdefault\u00bb link_type=\u00bbregular\u00bb alignment=\u00bbleft\u00bb display=\u00bbinline\u00bb link_text=\u00bbBiblioteca\u00bb url=\u00bb#library\u00bb margin_right=\u00bb25&#8243;][\/vc_column_inner][\/vc_row_inner][\/vc_column][\/vc_row][vc_row type=\u00bbfull_width_content\u00bb full_screen_row_position=\u00bbmiddle\u00bb column_margin=\u00bbdefault\u00bb equal_height=\u00bbyes\u00bb content_placement=\u00bbmiddle\u00bb vertically_center_columns=\u00bbtrue\u00bb column_direction=\u00bbdefault\u00bb column_direction_tablet=\u00bbdefault\u00bb column_direction_phone=\u00bbdefault\u00bb scene_position=\u00bbcenter\u00bb text_color=\u00bbdark\u00bb text_align=\u00bbleft\u00bb row_border_radius=\u00bbnone\u00bb row_border_radius_applies=\u00bbbg\u00bb overlay_strength=\u00bb0.3&#8243; gradient_direction=\u00bbleft_to_right\u00bb shape_divider_position=\u00bbbottom\u00bb bg_image_animation=\u00bbnone\u00bb shape_type=\u00bb\u00bb][vc_column column_padding=\u00bbno-extra-padding\u00bb column_padding_tablet=\u00bbinherit\u00bb column_padding_phone=\u00bbinherit\u00bb column_padding_position=\u00bball\u00bb background_color_opacity=\u00bb1&#8243; background_hover_color_opacity=\u00bb1&#8243; column_shadow=\u00bbnone\u00bb column_border_radius=\u00bbnone\u00bb column_link_target=\u00bb_self\u00bb el_class=\u00bbcontenido-izquierda\u00bb gradient_direction=\u00bbleft_to_right\u00bb overlay_strength=\u00bb0.3&#8243; width=\u00bb1\/2&#8243; tablet_width_inherit=\u00bbdefault\u00bb tablet_text_alignment=\u00bbdefault\u00bb phone_text_alignment=\u00bbdefault\u00bb column_border_width=\u00bbnone\u00bb column_border_style=\u00bbsolid\u00bb bg_image_animation=\u00bbnone\u00bb][vc_column_text css=\u00bb.vc_custom_1730813531540{padding-top: 10% !important;padding-right: 10% !important;padding-left: 10% !important;}\u00bb]\n<h1>Propuesta Gastron\u00f3mica de FERA<\/h1>\n[\/vc_column_text][divider line_type=\u00bbNo Line\u00bb custom_height=\u00bb20&#8243;][vc_column_text css=\u00bb.vc_custom_1731505875702{margin-top: 20px !important;padding-right: 10% !important;padding-left: 10% !important;}\u00bb]Fera abr\u00eda sus puertas hace 7 a\u00f1os en la isla de Mallorca, asent\u00e1ndose en un antiguo palacete en pleno casco hist\u00f3rico de la ciudad, en la calle de la Concepci\u00f3n y muy cerca del cruce entre el paseo del Borne y la calle Uni\u00f3n. Desde el coraz\u00f3n de la ciudad, hemos ido trabajando a lo largo de los a\u00f1os una propuesta gastron\u00f3mica de car\u00e1cter mediterr\u00e1neo, con influencias internacionales donde nuestro chef, el austriaco Simon Petutschnig ha demostrado su conocimiento culinario de la isla, aportando tambi\u00e9n la perspectiva de su trayectoria global.<\/p>\n<p>En la actualidad, vamos m\u00e1s all\u00e1 del concepto mediterr\u00e1neo, para adentrarnos en las entra\u00f1as de la isla, ofreciendo un recorrido por sus costas, su interior y sus montes. Una cocina directamente ligada al territorio mallorqu\u00edn para resaltar su herencia culinaria, a trav\u00e9s del compromiso con el entorno natural y agr\u00edcola.<\/p>\n<p>Nuestra propuesta gastron\u00f3mica se centra en los or\u00edgenes payeses y las tradiciones culinarias de la isla. Un trabajo constante con productos y productores locales &#8211; ganaderos, agricultores y pescaderos- al que se a\u00f1ade nuestra producci\u00f3n propia de aceite, vino y miel en la finca de Son Naava, en Porreres.[\/vc_column_text][divider line_type=\u00bbNo Line\u00bb custom_height=\u00bb35&#8243;][\/vc_column][vc_column column_padding=\u00bbno-extra-padding\u00bb column_padding_tablet=\u00bbinherit\u00bb column_padding_phone=\u00bbinherit\u00bb column_padding_position=\u00bball\u00bb background_color_opacity=\u00bb1&#8243; background_hover_color_opacity=\u00bb1&#8243; column_shadow=\u00bbnone\u00bb column_border_radius=\u00bbnone\u00bb column_link_target=\u00bb_self\u00bb gradient_direction=\u00bbleft_to_right\u00bb overlay_strength=\u00bb0.3&#8243; width=\u00bb1\/2&#8243; tablet_width_inherit=\u00bbdefault\u00bb tablet_text_alignment=\u00bbdefault\u00bb phone_text_alignment=\u00bbdefault\u00bb column_border_width=\u00bbnone\u00bb column_border_style=\u00bbsolid\u00bb bg_image_animation=\u00bbnone\u00bb][vc_gallery type=\u00bbnectarslider_style\u00bb images=\u00bb8874,9612,8868,8865&#8243; image_loading=\u00bbdefault\u00bb bullet_navigation=\u00bbtrue\u00bb bullet_navigation_style=\u00bbsee_through\u00bb onclick=\u00bblink_no\u00bb img_size=\u00bb600&#215;700&#8243;][\/vc_column][\/vc_row]\n","protected":false},"excerpt":{"rendered":"<p>[vc_row type=\u00bbfull_width_background\u00bb full_screen_row_position=\u00bbmiddle\u00bb column_margin=\u00bbdefault\u00bb equal_height=\u00bbyes\u00bb content_placement=\u00bbbottom\u00bb column_direction=\u00bbdefault\u00bb column_direction_tablet=\u00bbdefault\u00bb column_direction_phone=\u00bbdefault\u00bb video_bg=\u00bbuse_video\u00bb video_webm=\u00bbhttps:\/\/ferapalma.com\/wp-content\/uploads\/2022\/05\/fera-porsche.webm\u00bb video_mp4=\u00bbhttps:\/\/ferapalma.com\/wp-content\/uploads\/2022\/05\/fera-porsche.mp4&#8243; video_ogv=\u00bbhttps:\/\/ferapalma.com\/wp-content\/uploads\/2022\/05\/fera-porsche.ogv\u00bb video_image=\u00bb482&#8243; scene_position=\u00bbcenter\u00bb top_padding=\u00bb15%\u00bb bottom_padding=\u00bb5%\u00bb text_color=\u00bblight\u00bb text_align=\u00bbleft\u00bb row_border_radius=\u00bbnone\u00bb row_border_radius_applies=\u00bbbg\u00bb disable_element=\u00bbyes\u00bb color_overlay=\u00bb#0a0a0a\u00bb overlay_strength=\u00bb0.5&#8243; gradient_direction=\u00bbleft_to_right\u00bb shape_divider_position=\u00bbbottom\u00bb shape_divider_height=\u00bb350&#8243; bg_image_animation=\u00bbnone\u00bb parallax_bg=\u00bbtrue\u00bb parallax_bg_speed=\u00bbfast\u00bb&#8230;<\/p>\n","protected":false},"author":1,"featured_media":0,"parent":3178,"menu_order":0,"comment_status":"closed","ping_status":"closed","template":"","meta":{"_acf_changed":false,"footnotes":"","_links_to":"","_links_to_target":""},"class_list":["post-8861","page","type-page","status-publish"],"acf":[],"aioseo_notices":[],"rttpg_featured_image_url":null,"rttpg_author":{"display_name":"adminsom2","author_link":"https:\/\/ferapalma.com\/es\/author\/adminsom2\/"},"rttpg_comment":0,"rttpg_category":" <a href=\"https:\/\/ferapalma.com\/es\/?taxonomy=translation_priority&#038;term=opcional\" rel=\"tag\">Opcional<\/a>","rttpg_excerpt":"[vc_row type=\u00bbfull_width_background\u00bb full_screen_row_position=\u00bbmiddle\u00bb column_margin=\u00bbdefault\u00bb equal_height=\u00bbyes\u00bb content_placement=\u00bbbottom\u00bb column_direction=\u00bbdefault\u00bb column_direction_tablet=\u00bbdefault\u00bb column_direction_phone=\u00bbdefault\u00bb video_bg=\u00bbuse_video\u00bb video_webm=\u00bbhttps:\/\/ferapalma.com\/wp-content\/uploads\/2022\/05\/fera-porsche.webm\u00bb video_mp4=\u00bbhttps:\/\/ferapalma.com\/wp-content\/uploads\/2022\/05\/fera-porsche.mp4&#8243; video_ogv=\u00bbhttps:\/\/ferapalma.com\/wp-content\/uploads\/2022\/05\/fera-porsche.ogv\u00bb video_image=\u00bb482&#8243; scene_position=\u00bbcenter\u00bb top_padding=\u00bb15%\u00bb bottom_padding=\u00bb5%\u00bb text_color=\u00bblight\u00bb text_align=\u00bbleft\u00bb row_border_radius=\u00bbnone\u00bb row_border_radius_applies=\u00bbbg\u00bb disable_element=\u00bbyes\u00bb color_overlay=\u00bb#0a0a0a\u00bb overlay_strength=\u00bb0.5&#8243; gradient_direction=\u00bbleft_to_right\u00bb shape_divider_position=\u00bbbottom\u00bb shape_divider_height=\u00bb350&#8243; bg_image_animation=\u00bbnone\u00bb parallax_bg=\u00bbtrue\u00bb parallax_bg_speed=\u00bbfast\u00bb...","_links":{"self":[{"href":"https:\/\/ferapalma.com\/es\/wp-json\/wp\/v2\/pages\/8861","targetHints":{"allow":["GET"]}}],"collection":[{"href":"https:\/\/ferapalma.com\/es\/wp-json\/wp\/v2\/pages"}],"about":[{"href":"https:\/\/ferapalma.com\/es\/wp-json\/wp\/v2\/types\/page"}],"author":[{"embeddable":true,"href":"https:\/\/ferapalma.com\/es\/wp-json\/wp\/v2\/users\/1"}],"replies":[{"embeddable":true,"href":"https:\/\/ferapalma.com\/es\/wp-json\/wp\/v2\/comments?post=8861"}],"version-history":[{"count":14,"href":"https:\/\/ferapalma.com\/es\/wp-json\/wp\/v2\/pages\/8861\/revisions"}],"predecessor-version":[{"id":9614,"href":"https:\/\/ferapalma.com\/es\/wp-json\/wp\/v2\/pages\/8861\/revisions\/9614"}],"up":[{"embeddable":true,"href":"https:\/\/ferapalma.com\/es\/wp-json\/wp\/v2\/pages\/3178"}],"wp:attachment":[{"href":"https:\/\/ferapalma.com\/es\/wp-json\/wp\/v2\/media?parent=8861"}],"curies":[{"name":"wp","href":"https:\/\/api.w.org\/{rel}","templated":true}]}}