{"id":8889,"date":"2024-11-05T14:25:22","date_gmt":"2024-11-05T13:25:22","guid":{"rendered":"https:\/\/ferapalma.com\/fera\/propuesta-gastronomica\/"},"modified":"2025-01-30T08:59:14","modified_gmt":"2025-01-30T07:59:14","slug":"kulinarisches-angebot","status":"publish","type":"page","link":"https:\/\/ferapalma.com\/de\/fera\/kulinarisches-angebot\/","title":{"rendered":"Kulinarisches Angebot"},"content":{"rendered":"[vc_row type=&#8220;full_width_content&#8220; full_screen_row_position=&#8220;middle&#8220; column_margin=&#8220;default&#8220; equal_height=&#8220;yes&#8220; content_placement=&#8220;top&#8220; vertically_center_columns=&#8220;true&#8220; column_direction=&#8220;default&#8220; column_direction_tablet=&#8220;default&#8220; column_direction_phone=&#8220;default&#8220; scene_position=&#8220;center&#8220; text_color=&#8220;dark&#8220; text_align=&#8220;left&#8220; row_border_radius=&#8220;none&#8220; row_border_radius_applies=&#8220;bg&#8220; overlay_strength=&#8220;0.3&#8243; gradient_direction=&#8220;left_to_right&#8220; shape_divider_position=&#8220;bottom&#8220; bg_image_animation=&#8220;none&#8220; shape_type=&#8220;&#8220;][vc_column column_padding=&#8220;no-extra-padding&#8220; column_padding_tablet=&#8220;inherit&#8220; column_padding_phone=&#8220;inherit&#8220; column_padding_position=&#8220;all&#8220; background_color_opacity=&#8220;1&#8243; background_hover_color_opacity=&#8220;1&#8243; column_shadow=&#8220;none&#8220; column_border_radius=&#8220;none&#8220; column_link_target=&#8220;_self&#8220; gradient_direction=&#8220;left_to_right&#8220; overlay_strength=&#8220;0.3&#8243; width=&#8220;1\/2&#8243; tablet_width_inherit=&#8220;default&#8220; tablet_text_alignment=&#8220;default&#8220; phone_text_alignment=&#8220;default&#8220; column_border_width=&#8220;none&#8220; column_border_style=&#8220;solid&#8220; bg_image_animation=&#8220;none&#8220;][vc_column_text css=&#8220;.vc_custom_1730894230908{padding-top: 10% !important;padding-right: 10% !important;padding-left: 10% !important;}&#8220;]\n<h1>FERA\u2019s Kulinarisches Angebot<\/h1>\n[\/vc_column_text][divider line_type=&#8220;No Line&#8220; custom_height=&#8220;10&#8243;][vc_column_text css=&#8220;.vc_custom_1731506082190{padding-right: 10% !important;padding-left: 10% !important;}&#8220;]FERA \u00f6ffnete seine T\u00fcren vor sieben Jahren im Herzen Mallorcas in einem historischen Palast in der Calle de la Concepci\u00f3n, unweit des ikonischen Paseo del Borne und der Calle Uni\u00f3n. Im Laufe der Jahre haben wir eine mediterrane, international inspirierte kulinarische Reise entwickelt, die das tiefe Wissen unseres \u00f6sterreichischen K\u00fcchenchefs Simon Petutschnig widerspiegelt. Seine globalen Erfahrungen bringen eine frische, zugleich jedoch respektvolle Herangehensweise an die mallorquinische K\u00fcche.<\/p>\n<p>Heute gehen wir \u00fcber das mediterrane Konzept hinaus und begeben uns in das Innere der Insel, um eine immersive Reise durch die K\u00fcsten, das Landesinnere und die Berge Mallorcas zu bieten. Unsere kulinarische Philosophie ist fest mit dem mallorquinischen Terroir verbunden und unterstreicht das reiche kulinarische Erbe der Insel durch ein unersch\u00fctterliches Engagement f\u00fcr die Natur und die landwirtschaftliche Umgebung.<\/p>\n<p>Unser Men\u00fc zelebriert die b\u00e4uerlichen Urspr\u00fcnge und kulinarischen Traditionen der Insel und arbeitet dabei unerm\u00fcdlich mit lokalen Bauern, Viehz\u00fcchtern und Fischern zusammen, um die besten saisonalen Produkte zu beziehen. Dieses Engagement wird durch unsere eigene Produktion von Oliven\u00f6l, Wein und Honig auf der Finca Son Naava in Porreres weiter vertieft.[\/vc_column_text][divider line_type=&#8220;No Line&#8220; custom_height=&#8220;75&#8243;][\/vc_column][vc_column column_padding=&#8220;no-extra-padding&#8220; column_padding_tablet=&#8220;inherit&#8220; column_padding_phone=&#8220;inherit&#8220; column_padding_position=&#8220;all&#8220; background_color_opacity=&#8220;1&#8243; background_hover_color_opacity=&#8220;1&#8243; column_shadow=&#8220;none&#8220; column_border_radius=&#8220;none&#8220; column_link_target=&#8220;_self&#8220; gradient_direction=&#8220;left_to_right&#8220; overlay_strength=&#8220;0.3&#8243; width=&#8220;1\/2&#8243; tablet_width_inherit=&#8220;default&#8220; tablet_text_alignment=&#8220;default&#8220; phone_text_alignment=&#8220;default&#8220; column_border_width=&#8220;none&#8220; column_border_style=&#8220;solid&#8220; bg_image_animation=&#8220;none&#8220;][vc_gallery type=&#8220;nectarslider_style&#8220; images=&#8220;8874,9611,8868,8865&#8243; image_loading=&#8220;default&#8220; bullet_navigation=&#8220;true&#8220; bullet_navigation_style=&#8220;see_through&#8220; onclick=&#8220;link_no&#8220; img_size=&#8220;600&#215;700&#8243;][\/vc_column][\/vc_row]\n","protected":false},"excerpt":{"rendered":"<p>[vc_row type=&#8220;full_width_content&#8220; full_screen_row_position=&#8220;middle&#8220; column_margin=&#8220;default&#8220; equal_height=&#8220;yes&#8220; content_placement=&#8220;top&#8220; vertically_center_columns=&#8220;true&#8220; column_direction=&#8220;default&#8220; column_direction_tablet=&#8220;default&#8220; column_direction_phone=&#8220;default&#8220; scene_position=&#8220;center&#8220; text_color=&#8220;dark&#8220; text_align=&#8220;left&#8220; row_border_radius=&#8220;none&#8220; row_border_radius_applies=&#8220;bg&#8220; overlay_strength=&#8220;0.3&#8243; gradient_direction=&#8220;left_to_right&#8220; shape_divider_position=&#8220;bottom&#8220; bg_image_animation=&#8220;none&#8220; shape_type=&#8220;&#8220;][vc_column column_padding=&#8220;no-extra-padding&#8220; column_padding_tablet=&#8220;inherit&#8220; column_padding_phone=&#8220;inherit&#8220; column_padding_position=&#8220;all&#8220; background_color_opacity=&#8220;1&#8243; background_hover_color_opacity=&#8220;1&#8243; column_shadow=&#8220;none&#8220; column_border_radius=&#8220;none&#8220; column_link_target=&#8220;_self&#8220; gradient_direction=&#8220;left_to_right&#8220;&#8230;<\/p>\n","protected":false},"author":1,"featured_media":0,"parent":3177,"menu_order":0,"comment_status":"closed","ping_status":"closed","template":"","meta":{"_acf_changed":false,"footnotes":"","_links_to":"","_links_to_target":""},"class_list":["post-8889","page","type-page","status-publish"],"acf":[],"aioseo_notices":[],"rttpg_featured_image_url":null,"rttpg_author":{"display_name":"adminsom2","author_link":"https:\/\/ferapalma.com\/de\/author\/adminsom2\/"},"rttpg_comment":0,"rttpg_category":" <a href=\"https:\/\/ferapalma.com\/de\/?taxonomy=translation_priority&#038;term=optional-de\" rel=\"tag\">Optional<\/a>","rttpg_excerpt":"[vc_row type=&#8220;full_width_content&#8220; full_screen_row_position=&#8220;middle&#8220; column_margin=&#8220;default&#8220; equal_height=&#8220;yes&#8220; content_placement=&#8220;top&#8220; vertically_center_columns=&#8220;true&#8220; column_direction=&#8220;default&#8220; column_direction_tablet=&#8220;default&#8220; column_direction_phone=&#8220;default&#8220; scene_position=&#8220;center&#8220; text_color=&#8220;dark&#8220; text_align=&#8220;left&#8220; row_border_radius=&#8220;none&#8220; row_border_radius_applies=&#8220;bg&#8220; overlay_strength=&#8220;0.3&#8243; gradient_direction=&#8220;left_to_right&#8220; shape_divider_position=&#8220;bottom&#8220; bg_image_animation=&#8220;none&#8220; shape_type=&#8220;&#8220;][vc_column column_padding=&#8220;no-extra-padding&#8220; column_padding_tablet=&#8220;inherit&#8220; column_padding_phone=&#8220;inherit&#8220; column_padding_position=&#8220;all&#8220; background_color_opacity=&#8220;1&#8243; background_hover_color_opacity=&#8220;1&#8243; column_shadow=&#8220;none&#8220; column_border_radius=&#8220;none&#8220; column_link_target=&#8220;_self&#8220; gradient_direction=&#8220;left_to_right&#8220;...","_links":{"self":[{"href":"https:\/\/ferapalma.com\/de\/wp-json\/wp\/v2\/pages\/8889","targetHints":{"allow":["GET"]}}],"collection":[{"href":"https:\/\/ferapalma.com\/de\/wp-json\/wp\/v2\/pages"}],"about":[{"href":"https:\/\/ferapalma.com\/de\/wp-json\/wp\/v2\/types\/page"}],"author":[{"embeddable":true,"href":"https:\/\/ferapalma.com\/de\/wp-json\/wp\/v2\/users\/1"}],"replies":[{"embeddable":true,"href":"https:\/\/ferapalma.com\/de\/wp-json\/wp\/v2\/comments?post=8889"}],"version-history":[{"count":8,"href":"https:\/\/ferapalma.com\/de\/wp-json\/wp\/v2\/pages\/8889\/revisions"}],"predecessor-version":[{"id":9615,"href":"https:\/\/ferapalma.com\/de\/wp-json\/wp\/v2\/pages\/8889\/revisions\/9615"}],"up":[{"embeddable":true,"href":"https:\/\/ferapalma.com\/de\/wp-json\/wp\/v2\/pages\/3177"}],"wp:attachment":[{"href":"https:\/\/ferapalma.com\/de\/wp-json\/wp\/v2\/media?parent=8889"}],"curies":[{"name":"wp","href":"https:\/\/api.w.org\/{rel}","templated":true}]}}