{"id":3105,"date":"2019-11-19T14:25:52","date_gmt":"2019-11-19T13:25:52","guid":{"rendered":"http:\/\/ferapalma.com\/art\/"},"modified":"2024-06-25T12:42:58","modified_gmt":"2024-06-25T10:42:58","slug":"art","status":"publish","type":"page","link":"https:\/\/ferapalma.com\/de\/fera\/art\/","title":{"rendered":"Art"},"content":{"rendered":"[vc_row type=&#8220;full_width_background&#8220; full_screen_row_position=&#8220;middle&#8220; column_margin=&#8220;default&#8220; equal_height=&#8220;yes&#8220; content_placement=&#8220;bottom&#8220; column_direction=&#8220;default&#8220; column_direction_tablet=&#8220;default&#8220; column_direction_phone=&#8220;default&#8220; video_bg=&#8220;use_video&#8220; video_webm=&#8220;http:\/\/ferapalma.com\/wp-content\/uploads\/2019\/11\/art.webm&#8220; video_mp4=&#8220;http:\/\/ferapalma.com\/wp-content\/uploads\/2019\/11\/art.mp4&#8243; video_ogv=&#8220;http:\/\/ferapalma.com\/wp-content\/uploads\/2019\/11\/art.ogv&#8220; video_image=&#8220;1382&#8243; scene_position=&#8220;center&#8220; top_padding=&#8220;15%&#8220; bottom_padding=&#8220;5%&#8220; text_color=&#8220;light&#8220; text_align=&#8220;left&#8220; row_border_radius=&#8220;none&#8220; row_border_radius_applies=&#8220;bg&#8220; color_overlay=&#8220;#0a0a0a&#8220; overlay_strength=&#8220;0.5&#8243; gradient_direction=&#8220;left_to_right&#8220; shape_divider_position=&#8220;bottom&#8220; shape_divider_height=&#8220;350&#8243; bg_image_animation=&#8220;none&#8220; parallax_bg=&#8220;true&#8220; parallax_bg_speed=&#8220;fast&#8220; shape_type=&#8220;mountains&#8220;][vc_column column_padding=&#8220;no-extra-padding&#8220; column_padding_tablet=&#8220;inherit&#8220; column_padding_phone=&#8220;inherit&#8220; column_padding_position=&#8220;all&#8220; background_color_opacity=&#8220;1&#8243; background_hover_color_opacity=&#8220;1&#8243; column_shadow=&#8220;none&#8220; column_border_radius=&#8220;none&#8220; column_link_target=&#8220;_self&#8220; gradient_direction=&#8220;left_to_right&#8220; overlay_strength=&#8220;0.3&#8243; width=&#8220;1\/2&#8243; tablet_width_inherit=&#8220;default&#8220; tablet_text_alignment=&#8220;default&#8220; phone_text_alignment=&#8220;default&#8220; column_border_width=&#8220;none&#8220; column_border_style=&#8220;solid&#8220; bg_image_animation=&#8220;none&#8220;][vc_row_inner column_margin=&#8220;default&#8220; column_direction=&#8220;default&#8220; column_direction_tablet=&#8220;default&#8220; column_direction_phone=&#8220;default&#8220; text_align=&#8220;left&#8220;][vc_column_inner column_padding=&#8220;no-extra-padding&#8220; column_padding_tablet=&#8220;inherit&#8220; column_padding_phone=&#8220;inherit&#8220; column_padding_position=&#8220;all&#8220; background_color_opacity=&#8220;1&#8243; background_hover_color_opacity=&#8220;1&#8243; column_shadow=&#8220;none&#8220; column_border_radius=&#8220;none&#8220; column_link_target=&#8220;_self&#8220; gradient_direction=&#8220;left_to_right&#8220; overlay_strength=&#8220;0.3&#8243; width=&#8220;1\/1&#8243; tablet_width_inherit=&#8220;default&#8220; column_border_width=&#8220;none&#8220; column_border_style=&#8220;solid&#8220; bg_image_animation=&#8220;none&#8220;][nectar_highlighted_text color_type=&#8220;regular&#8220; highlight_color=&#8220;#ffffff&#8220; style=&#8220;regular_underline&#8220; underline_thickness=&#8220;default&#8220;]\n<h1><em>Art collection<\/em><\/h1>\n[\/nectar_highlighted_text][vc_column_text css=&#8220;.vc_custom_1584615741289{margin-top: 20px !important;}&#8220;]Speisen im\u00a0<strong>Fera<\/strong>\u00a0\u2013 das ist Genuss f\u00fcr alle Sinne. F\u00fcr den Gaumen \u2013 und f\u00fcr die Augen. Denn neben dem ausgew\u00e4hlten Interieur-Design ist gro\u00dfartige Kunst zu sehen, kuratiert von der Galerie Aba Art Lab.[\/vc_column_text][divider line_type=&#8220;No Line&#8220; custom_height=&#8220;25&#8243;][nectar_cta btn_style=&#8220;next-section&#8220; btn_type=&#8220;down-arrow-bordered&#8220; next_section_shadow=&#8220;none&#8220; alignment=&#8220;left&#8220;][\/vc_column_inner][\/vc_row_inner][\/vc_column][vc_column column_padding=&#8220;no-extra-padding&#8220; column_padding_tablet=&#8220;inherit&#8220; column_padding_phone=&#8220;inherit&#8220; column_padding_position=&#8220;all&#8220; background_color_opacity=&#8220;1&#8243; background_hover_color_opacity=&#8220;1&#8243; column_shadow=&#8220;none&#8220; column_border_radius=&#8220;none&#8220; column_link_target=&#8220;_self&#8220; gradient_direction=&#8220;left_to_right&#8220; overlay_strength=&#8220;0.3&#8243; width=&#8220;1\/2&#8243; tablet_width_inherit=&#8220;default&#8220; tablet_text_alignment=&#8220;default&#8220; phone_text_alignment=&#8220;default&#8220; column_border_width=&#8220;none&#8220; column_border_style=&#8220;solid&#8220; bg_image_animation=&#8220;none&#8220;][\/vc_column][\/vc_row][vc_row type=&#8220;full_width_background&#8220; full_screen_row_position=&#8220;middle&#8220; column_margin=&#8220;default&#8220; column_direction=&#8220;default&#8220; column_direction_tablet=&#8220;default&#8220; column_direction_phone=&#8220;default&#8220; scene_position=&#8220;center&#8220; text_color=&#8220;dark&#8220; text_align=&#8220;left&#8220; row_border_radius=&#8220;none&#8220; row_border_radius_applies=&#8220;bg&#8220; overlay_strength=&#8220;0.3&#8243; gradient_direction=&#8220;left_to_right&#8220; shape_divider_position=&#8220;bottom&#8220; bg_image_animation=&#8220;none&#8220; shape_type=&#8220;&#8220;][vc_column column_padding=&#8220;no-extra-padding&#8220; column_padding_tablet=&#8220;inherit&#8220; column_padding_phone=&#8220;inherit&#8220; column_padding_position=&#8220;all&#8220; background_color_opacity=&#8220;1&#8243; background_hover_color_opacity=&#8220;1&#8243; column_shadow=&#8220;none&#8220; column_border_radius=&#8220;none&#8220; column_link_target=&#8220;_self&#8220; gradient_direction=&#8220;left_to_right&#8220; overlay_strength=&#8220;0.3&#8243; width=&#8220;1\/1&#8243; tablet_width_inherit=&#8220;default&#8220; tablet_text_alignment=&#8220;default&#8220; phone_text_alignment=&#8220;default&#8220; column_border_width=&#8220;none&#8220; column_border_style=&#8220;solid&#8220; bg_image_animation=&#8220;none&#8220;][divider line_type=&#8220;No Line&#8220; custom_height=&#8220;15&#8243;][vc_column_text css=&#8220;.vc_custom_1584615751666{margin-top: 20px !important;}&#8220;]Die zeitgen\u00f6ssische Kunst, die im\u00a0<strong>Fera<\/strong>\u00a0gezeigt wird, umfasst Skulpturen, Fotografien, Gem\u00e4lde bis hin zu speziell auf die R\u00e4ume abgestimmte Installationen. Die Arbeiten aus der Kunstsammlung Levy stammen von renommierten, zeitgen\u00f6ssischen K\u00fcnstlern: Lin Utzon,\u00a0<a href=\"http:\/\/tonigarau.com\/\" target=\"_blank\" rel=\"noopener noreferrer\">Toni Garau<\/a>, \u00d1aco Fabr\u00e9, Toni Pedraza,\u00a0<a href=\"http:\/\/lilianecsuka.work\/\" target=\"_blank\" rel=\"noopener noreferrer\">Liliane Csuka<\/a>,\u00a0<a href=\"http:\/\/www.oscarmarine.com\/\" target=\"_blank\" rel=\"noopener noreferrer\">Oscar Marin\u00e9<\/a>,\u00a0<a href=\"http:\/\/www.katharina-pfeil.com\/\" target=\"_blank\" rel=\"noopener noreferrer\">Katharina Pfeil<\/a>,\u00a0<a href=\"http:\/\/enricriera.com\/\" target=\"_blank\" rel=\"noopener noreferrer\">Enric Riera<\/a>,\u00a0<a href=\"https:\/\/www.selwynsenatori.com\/\" target=\"_blank\" rel=\"noopener noreferrer\">Selwyn Senatori<\/a>,\u00a0<a href=\"http:\/\/www.najautzonpopov.com\/\" target=\"_blank\" rel=\"noopener noreferrer\">Naja Utzon Popov<\/a>, Fabian Schalekamp &amp;\u00a0<a href=\"http:\/\/www.studioproba.com\/\" target=\"_blank\" rel=\"noopener noreferrer\">Alex Proba<\/a>.<\/p>\n<p>Kuratiert von[\/vc_column_text][divider line_type=&#8220;No Line&#8220; custom_height=&#8220;15&#8243;][image_with_animation image_url=&#8220;899&#8243; animation=&#8220;Fade In&#8220; hover_animation=&#8220;none&#8220; alignment=&#8220;&#8220; border_radius=&#8220;none&#8220; box_shadow=&#8220;none&#8220; image_loading=&#8220;default&#8220; max_width=&#8220;100%&#8220; max_width_mobile=&#8220;default&#8220;][divider line_type=&#8220;No Line&#8220; custom_height=&#8220;45&#8243;][\/vc_column][\/vc_row][vc_row type=&#8220;in_container&#8220; full_screen_row_position=&#8220;middle&#8220; column_margin=&#8220;default&#8220; column_direction=&#8220;default&#8220; column_direction_tablet=&#8220;default&#8220; column_direction_phone=&#8220;default&#8220; scene_position=&#8220;center&#8220; text_color=&#8220;dark&#8220; text_align=&#8220;center&#8220; row_border_radius=&#8220;none&#8220; row_border_radius_applies=&#8220;bg&#8220; overlay_strength=&#8220;0.3&#8243; gradient_direction=&#8220;left_to_right&#8220; shape_divider_position=&#8220;bottom&#8220; bg_image_animation=&#8220;none&#8220; shape_type=&#8220;&#8220;][vc_column column_padding=&#8220;no-extra-padding&#8220; column_padding_tablet=&#8220;inherit&#8220; column_padding_phone=&#8220;inherit&#8220; column_padding_position=&#8220;left-right&#8220; background_color_opacity=&#8220;1&#8243; background_hover_color_opacity=&#8220;1&#8243; column_shadow=&#8220;none&#8220; column_border_radius=&#8220;none&#8220; column_link_target=&#8220;_self&#8220; gradient_direction=&#8220;left_to_right&#8220; overlay_strength=&#8220;0.3&#8243; width=&#8220;1\/1&#8243; tablet_width_inherit=&#8220;default&#8220; tablet_text_alignment=&#8220;default&#8220; phone_text_alignment=&#8220;default&#8220; column_border_width=&#8220;none&#8220; column_border_style=&#8220;solid&#8220; bg_image_animation=&#8220;none&#8220;][vc_gallery type=&#8220;image_grid&#8220; images=&#8220;2020,1966,2004,1377,2011,1992,1989,1986,1995,2001,2008,1407,1404&#8243; layout=&#8220;3&#8243; masonry_style=&#8220;true&#8220; item_spacing=&#8220;5px&#8220; gallery_style=&#8220;7&#8243; load_in_animation=&#8220;none&#8220;][divider line_type=&#8220;No Line&#8220; custom_height=&#8220;750px&#8220;][\/vc_column][\/vc_row]\n","protected":false},"excerpt":{"rendered":"<p>[vc_row type=&#8220;full_width_background&#8220; full_screen_row_position=&#8220;middle&#8220; column_margin=&#8220;default&#8220; equal_height=&#8220;yes&#8220; content_placement=&#8220;bottom&#8220; column_direction=&#8220;default&#8220; column_direction_tablet=&#8220;default&#8220; column_direction_phone=&#8220;default&#8220; video_bg=&#8220;use_video&#8220; video_webm=&#8220;http:\/\/ferapalma.com\/wp-content\/uploads\/2019\/11\/art.webm&#8220; video_mp4=&#8220;http:\/\/ferapalma.com\/wp-content\/uploads\/2019\/11\/art.mp4&#8243; video_ogv=&#8220;http:\/\/ferapalma.com\/wp-content\/uploads\/2019\/11\/art.ogv&#8220; video_image=&#8220;1382&#8243; scene_position=&#8220;center&#8220; top_padding=&#8220;15%&#8220; bottom_padding=&#8220;5%&#8220; text_color=&#8220;light&#8220; text_align=&#8220;left&#8220; row_border_radius=&#8220;none&#8220; row_border_radius_applies=&#8220;bg&#8220; color_overlay=&#8220;#0a0a0a&#8220; overlay_strength=&#8220;0.5&#8243; gradient_direction=&#8220;left_to_right&#8220; shape_divider_position=&#8220;bottom&#8220; shape_divider_height=&#8220;350&#8243; bg_image_animation=&#8220;none&#8220; parallax_bg=&#8220;true&#8220; parallax_bg_speed=&#8220;fast&#8220; shape_type=&#8220;mountains&#8220;][vc_column&#8230;<\/p>\n","protected":false},"author":1,"featured_media":0,"parent":3177,"menu_order":0,"comment_status":"closed","ping_status":"closed","template":"","meta":{"_acf_changed":false,"footnotes":"","_links_to":"","_links_to_target":""},"class_list":["post-3105","page","type-page","status-publish"],"acf":[],"aioseo_notices":[],"rttpg_featured_image_url":null,"rttpg_author":{"display_name":"adminsom2","author_link":"https:\/\/ferapalma.com\/de\/author\/adminsom2\/"},"rttpg_comment":0,"rttpg_category":" <a href=\"https:\/\/ferapalma.com\/de\/?taxonomy=translation_priority&#038;term=optional-de\" rel=\"tag\">Optional<\/a>","rttpg_excerpt":"[vc_row type=&#8220;full_width_background&#8220; full_screen_row_position=&#8220;middle&#8220; column_margin=&#8220;default&#8220; equal_height=&#8220;yes&#8220; content_placement=&#8220;bottom&#8220; column_direction=&#8220;default&#8220; column_direction_tablet=&#8220;default&#8220; column_direction_phone=&#8220;default&#8220; video_bg=&#8220;use_video&#8220; video_webm=&#8220;http:\/\/ferapalma.com\/wp-content\/uploads\/2019\/11\/art.webm&#8220; video_mp4=&#8220;http:\/\/ferapalma.com\/wp-content\/uploads\/2019\/11\/art.mp4&#8243; video_ogv=&#8220;http:\/\/ferapalma.com\/wp-content\/uploads\/2019\/11\/art.ogv&#8220; video_image=&#8220;1382&#8243; scene_position=&#8220;center&#8220; top_padding=&#8220;15%&#8220; bottom_padding=&#8220;5%&#8220; text_color=&#8220;light&#8220; text_align=&#8220;left&#8220; row_border_radius=&#8220;none&#8220; row_border_radius_applies=&#8220;bg&#8220; color_overlay=&#8220;#0a0a0a&#8220; overlay_strength=&#8220;0.5&#8243; gradient_direction=&#8220;left_to_right&#8220; shape_divider_position=&#8220;bottom&#8220; shape_divider_height=&#8220;350&#8243; bg_image_animation=&#8220;none&#8220; parallax_bg=&#8220;true&#8220; parallax_bg_speed=&#8220;fast&#8220; shape_type=&#8220;mountains&#8220;][vc_column...","_links":{"self":[{"href":"https:\/\/ferapalma.com\/de\/wp-json\/wp\/v2\/pages\/3105","targetHints":{"allow":["GET"]}}],"collection":[{"href":"https:\/\/ferapalma.com\/de\/wp-json\/wp\/v2\/pages"}],"about":[{"href":"https:\/\/ferapalma.com\/de\/wp-json\/wp\/v2\/types\/page"}],"author":[{"embeddable":true,"href":"https:\/\/ferapalma.com\/de\/wp-json\/wp\/v2\/users\/1"}],"replies":[{"embeddable":true,"href":"https:\/\/ferapalma.com\/de\/wp-json\/wp\/v2\/comments?post=3105"}],"version-history":[{"count":10,"href":"https:\/\/ferapalma.com\/de\/wp-json\/wp\/v2\/pages\/3105\/revisions"}],"predecessor-version":[{"id":8441,"href":"https:\/\/ferapalma.com\/de\/wp-json\/wp\/v2\/pages\/3105\/revisions\/8441"}],"up":[{"embeddable":true,"href":"https:\/\/ferapalma.com\/de\/wp-json\/wp\/v2\/pages\/3177"}],"wp:attachment":[{"href":"https:\/\/ferapalma.com\/de\/wp-json\/wp\/v2\/media?parent=3105"}],"curies":[{"name":"wp","href":"https:\/\/api.w.org\/{rel}","templated":true}]}}