{"id":2190,"date":"2022-03-22T11:09:56","date_gmt":"2022-03-22T11:09:56","guid":{"rendered":"https:\/\/ferapalma.com\/carta\/dia\/?page_id=2190"},"modified":"2024-04-04T06:38:12","modified_gmt":"2024-04-04T06:38:12","slug":"alacarta","status":"publish","type":"page","link":"https:\/\/ferapalma.com\/carta\/dia\/alacarta\/","title":{"rendered":"A la carta"},"content":{"rendered":"\t\t<div data-elementor-type=\"wp-page\" data-elementor-id=\"2190\" class=\"elementor elementor-2190\">\n\t\t\t\t\t\t\t\t\t<section class=\"elementor-section elementor-top-section elementor-element elementor-element-717e569 elementor-section-full_width elementor-section-height-default elementor-section-height-default\" data-id=\"717e569\" data-element_type=\"section\" id=\"header-normal\" data-settings=\"{&quot;background_background&quot;:&quot;classic&quot;}\">\n\t\t\t\t\t\t\t<div class=\"elementor-background-overlay\"><\/div>\n\t\t\t\t\t\t\t<div class=\"elementor-container elementor-column-gap-no\">\n\t\t\t\t\t<div class=\"elementor-column elementor-col-100 elementor-top-column elementor-element elementor-element-850acac\" data-id=\"850acac\" data-element_type=\"column\">\n\t\t\t<div class=\"elementor-widget-wrap elementor-element-populated\">\n\t\t\t\t\t\t\t\t<section class=\"elementor-section elementor-inner-section elementor-element elementor-element-a107faa elementor-section-boxed elementor-section-height-default elementor-section-height-default\" data-id=\"a107faa\" data-element_type=\"section\">\n\t\t\t\t\t\t<div class=\"elementor-container elementor-column-gap-no\">\n\t\t\t\t\t<div class=\"elementor-column elementor-col-100 elementor-inner-column elementor-element elementor-element-acb5f91\" data-id=\"acb5f91\" data-element_type=\"column\">\n\t\t\t<div class=\"elementor-widget-wrap elementor-element-populated\">\n\t\t\t\t\t\t\t\t<div class=\"elementor-element elementor-element-d3e0efb elementor-align-center abrirmenu elementor-widget elementor-widget-button\" data-id=\"d3e0efb\" data-element_type=\"widget\" data-widget_type=\"button.default\">\n\t\t\t\t<div class=\"elementor-widget-container\">\n\t\t\t\t\t<div class=\"elementor-button-wrapper\">\n\t\t\t<a class=\"elementor-button elementor-size-sm\" role=\"button\">\n\t\t\t\t\t\t<span class=\"elementor-button-content-wrapper\">\n\t\t\t\t\t\t<span class=\"elementor-button-text\">menu<\/span>\n\t\t<\/span>\n\t\t\t\t\t<\/a>\n\t\t<\/div>\n\t\t\t\t<\/div>\n\t\t\t\t<\/div>\n\t\t\t\t\t<\/div>\n\t\t<\/div>\n\t\t\t\t\t\t\t<\/div>\n\t\t<\/section>\n\t\t\t\t\t<\/div>\n\t\t<\/div>\n\t\t\t\t\t\t\t<\/div>\n\t\t<\/section>\n\t\t\t\t<section class=\"elementor-section elementor-top-section elementor-element elementor-element-ba02d8e elementor-section-full_width elementor-section-height-default elementor-section-height-default\" data-id=\"ba02d8e\" data-element_type=\"section\" id=\"menu\" data-settings=\"{&quot;background_background&quot;:&quot;classic&quot;}\">\n\t\t\t\t\t\t<div class=\"elementor-container elementor-column-gap-no\">\n\t\t\t\t\t<div class=\"elementor-column elementor-col-100 elementor-top-column elementor-element elementor-element-ba2f228\" data-id=\"ba2f228\" data-element_type=\"column\">\n\t\t\t<div class=\"elementor-widget-wrap elementor-element-populated\">\n\t\t\t\t\t\t\t\t<section class=\"elementor-section elementor-inner-section elementor-element elementor-element-a747fb4 botones elementor-section-boxed elementor-section-height-default elementor-section-height-default\" data-id=\"a747fb4\" data-element_type=\"section\">\n\t\t\t\t\t\t<div class=\"elementor-container elementor-column-gap-no\">\n\t\t\t\t\t<div class=\"elementor-column elementor-col-100 elementor-inner-column elementor-element elementor-element-3ee55e4\" data-id=\"3ee55e4\" data-element_type=\"column\">\n\t\t\t<div class=\"elementor-widget-wrap elementor-element-populated\">\n\t\t\t\t\t\t\t\t<div class=\"elementor-element elementor-element-7401bfd elementor-align-center elementor-widget__width-auto elementor-widget elementor-widget-button\" data-id=\"7401bfd\" data-element_type=\"widget\" data-widget_type=\"button.default\">\n\t\t\t\t<div class=\"elementor-widget-container\">\n\t\t\t\t\t<div class=\"elementor-button-wrapper\">\n\t\t\t<a href=\"https:\/\/ferapalma.com\/carta\/dia\/alacarta\/\" class=\"elementor-button-link elementor-button elementor-size-sm\" role=\"button\">\n\t\t\t\t\t\t<span class=\"elementor-button-content-wrapper\">\n\t\t\t\t\t\t<span class=\"elementor-button-text\">A LA CARTA<\/span>\n\t\t<\/span>\n\t\t\t\t\t<\/a>\n\t\t<\/div>\n\t\t\t\t<\/div>\n\t\t\t\t<\/div>\n\t\t\t\t<div class=\"elementor-element elementor-element-23fdd0d elementor-align-center elementor-widget__width-auto elementor-widget elementor-widget-button\" data-id=\"23fdd0d\" data-element_type=\"widget\" data-widget_type=\"button.default\">\n\t\t\t\t<div class=\"elementor-widget-container\">\n\t\t\t\t\t<div class=\"elementor-button-wrapper\">\n\t\t\t<a href=\"https:\/\/ferapalma.com\/carta\/dia\/vinos\/\" class=\"elementor-button-link elementor-button elementor-size-sm\" role=\"button\">\n\t\t\t\t\t\t<span class=\"elementor-button-content-wrapper\">\n\t\t\t\t\t\t<span class=\"elementor-button-text\">VINOS<\/span>\n\t\t<\/span>\n\t\t\t\t\t<\/a>\n\t\t<\/div>\n\t\t\t\t<\/div>\n\t\t\t\t<\/div>\n\t\t\t\t\t<\/div>\n\t\t<\/div>\n\t\t\t\t\t\t\t<\/div>\n\t\t<\/section>\n\t\t\t\t<section class=\"elementor-section elementor-inner-section elementor-element elementor-element-c69e832 elementor-section-full_width elementor-section-content-top elementor-section-height-default elementor-section-height-default\" data-id=\"c69e832\" data-element_type=\"section\">\n\t\t\t\t\t\t<div class=\"elementor-container elementor-column-gap-no\">\n\t\t\t\t\t<div class=\"elementor-column elementor-col-100 elementor-inner-column elementor-element elementor-element-89083ed\" data-id=\"89083ed\" data-element_type=\"column\">\n\t\t\t<div class=\"elementor-widget-wrap elementor-element-populated\">\n\t\t\t\t\t\t\t\t<div class=\"elementor-element elementor-element-f2be017 cerrarmenu elementor-widget__width-auto elementor-view-default elementor-widget elementor-widget-icon\" data-id=\"f2be017\" data-element_type=\"widget\" data-widget_type=\"icon.default\">\n\t\t\t\t<div class=\"elementor-widget-container\">\n\t\t\t\t\t<div class=\"elementor-icon-wrapper\">\n\t\t\t<div class=\"elementor-icon\">\n\t\t\t<svg xmlns=\"http:\/\/www.w3.org\/2000\/svg\" xmlns:xlink=\"http:\/\/www.w3.org\/1999\/xlink\" id=\"Capa_1\" x=\"0px\" y=\"0px\" viewBox=\"0 0 85.1 85.1\" style=\"enable-background:new 0 0 85.1 85.1;\" xml:space=\"preserve\"><style type=\"text\/css\">\t.st0{fill:none;stroke:#000000;stroke-width:2;}<\/style><line class=\"st0\" x1=\"0\" y1=\"0\" x2=\"85.1\" y2=\"85.1\"><\/line><line class=\"st0\" x1=\"85.1\" y1=\"0\" x2=\"0\" y2=\"85.1\"><\/line><\/svg>\t\t\t<\/div>\n\t\t<\/div>\n\t\t\t\t<\/div>\n\t\t\t\t<\/div>\n\t\t\t\t<div class=\"elementor-element elementor-element-8b1f17e elementor-widget__width-auto elementor-absolute elementor-widget elementor-widget-button\" data-id=\"8b1f17e\" data-element_type=\"widget\" data-settings=\"{&quot;_position&quot;:&quot;absolute&quot;}\" data-widget_type=\"button.default\">\n\t\t\t\t<div class=\"elementor-widget-container\">\n\t\t\t\t\t<div class=\"elementor-button-wrapper\">\n\t\t\t<a href=\"https:\/\/ferapalma.com\/carta\/dia\/seleccion\/\" class=\"elementor-button-link elementor-button elementor-size-sm\" role=\"button\">\n\t\t\t\t\t\t<span class=\"elementor-button-content-wrapper\">\n\t\t\t\t\t\t\t<span class=\"elementor-button-icon elementor-align-icon-left\">\n\t\t\t\t<i aria-hidden=\"true\" class=\"fas fa-angle-left\"><\/i>\t\t\t<\/span>\n\t\t\t\t\t\t<span class=\"elementor-button-text\">volver a men\u00fas<\/span>\n\t\t<\/span>\n\t\t\t\t\t<\/a>\n\t\t<\/div>\n\t\t\t\t<\/div>\n\t\t\t\t<\/div>\n\t\t\t\t\t<\/div>\n\t\t<\/div>\n\t\t\t\t\t\t\t<\/div>\n\t\t<\/section>\n\t\t\t\t\t<\/div>\n\t\t<\/div>\n\t\t\t\t\t\t\t<\/div>\n\t\t<\/section>\n\t\t\t\t<section class=\"elementor-section elementor-top-section elementor-element elementor-element-2a01ad0 espaciook elementor-section-full_width elementor-section-height-default elementor-section-height-default\" data-id=\"2a01ad0\" data-element_type=\"section\" id=\"espaciosuperior\" data-settings=\"{&quot;background_background&quot;:&quot;classic&quot;}\">\n\t\t\t\t\t\t<div class=\"elementor-container elementor-column-gap-default\">\n\t\t\t\t\t<div class=\"elementor-column elementor-col-100 elementor-top-column elementor-element elementor-element-6effa34\" data-id=\"6effa34\" data-element_type=\"column\">\n\t\t\t<div class=\"elementor-widget-wrap elementor-element-populated\">\n\t\t\t\t\t\t\t\t<div class=\"elementor-element elementor-element-d1c8bcb elementor-widget elementor-widget-spacer\" data-id=\"d1c8bcb\" data-element_type=\"widget\" data-widget_type=\"spacer.default\">\n\t\t\t\t<div class=\"elementor-widget-container\">\n\t\t\t\t\t<div class=\"elementor-spacer\">\n\t\t\t<div class=\"elementor-spacer-inner\"><\/div>\n\t\t<\/div>\n\t\t\t\t<\/div>\n\t\t\t\t<\/div>\n\t\t\t\t\t<\/div>\n\t\t<\/div>\n\t\t\t\t\t\t\t<\/div>\n\t\t<\/section>\n\t\t\t\t<section class=\"elementor-section elementor-top-section elementor-element elementor-element-9c40d09 platos elementor-section-boxed elementor-section-height-default elementor-section-height-default\" data-id=\"9c40d09\" data-element_type=\"section\" id=\"alacarta\">\n\t\t\t\t\t\t<div class=\"elementor-container elementor-column-gap-no\">\n\t\t\t\t\t<div class=\"elementor-column elementor-col-100 elementor-top-column elementor-element elementor-element-b575899\" data-id=\"b575899\" data-element_type=\"column\">\n\t\t\t<div class=\"elementor-widget-wrap elementor-element-populated\">\n\t\t\t\t\t\t\t\t<div class=\"elementor-element elementor-element-953a5ad elementor-widget elementor-widget-spacer\" data-id=\"953a5ad\" data-element_type=\"widget\" data-widget_type=\"spacer.default\">\n\t\t\t\t<div class=\"elementor-widget-container\">\n\t\t\t\t\t<div class=\"elementor-spacer\">\n\t\t\t<div class=\"elementor-spacer-inner\"><\/div>\n\t\t<\/div>\n\t\t\t\t<\/div>\n\t\t\t\t<\/div>\n\t\t\t\t<div class=\"elementor-element elementor-element-5ce4eae elementor-widget elementor-widget-image\" data-id=\"5ce4eae\" data-element_type=\"widget\" data-widget_type=\"image.default\">\n\t\t\t\t<div class=\"elementor-widget-container\">\n\t\t\t\t\t\t\t\t\t\t\t\t\t\t\t<img loading=\"lazy\" decoding=\"async\" width=\"250\" height=\"424\" src=\"https:\/\/ferapalma.com\/carta\/dia\/wp-content\/uploads\/2022\/03\/logo-fera.png\" class=\"attachment-large size-large\" alt=\"\" srcset=\"https:\/\/ferapalma.com\/carta\/dia\/wp-content\/uploads\/2022\/03\/logo-fera.png 250w, https:\/\/ferapalma.com\/carta\/dia\/wp-content\/uploads\/2022\/03\/logo-fera-177x300.png 177w\" sizes=\"auto, (max-width: 250px) 100vw, 250px\" \/>\t\t\t\t\t\t\t\t\t\t\t\t\t\t\t<\/div>\n\t\t\t\t<\/div>\n\t\t\t\t<div class=\"elementor-element elementor-element-58cc4f6 elementor-widget elementor-widget-spacer\" data-id=\"58cc4f6\" data-element_type=\"widget\" data-widget_type=\"spacer.default\">\n\t\t\t\t<div class=\"elementor-widget-container\">\n\t\t\t\t\t<div class=\"elementor-spacer\">\n\t\t\t<div class=\"elementor-spacer-inner\"><\/div>\n\t\t<\/div>\n\t\t\t\t<\/div>\n\t\t\t\t<\/div>\n\t\t\t\t<div class=\"elementor-element elementor-element-9329b32 titular elementor-widget elementor-widget-heading\" data-id=\"9329b32\" data-element_type=\"widget\" data-widget_type=\"heading.default\">\n\t\t\t\t<div class=\"elementor-widget-container\">\n\t\t\t<div class=\"elementor-heading-title elementor-size-default\">a la carta<\/div>\t\t<\/div>\n\t\t\t\t<\/div>\n\t\t\t\t<div class=\"elementor-element elementor-element-57d1853 elementor-widget elementor-widget-spacer\" data-id=\"57d1853\" data-element_type=\"widget\" data-widget_type=\"spacer.default\">\n\t\t\t\t<div class=\"elementor-widget-container\">\n\t\t\t\t\t<div class=\"elementor-spacer\">\n\t\t\t<div class=\"elementor-spacer-inner\"><\/div>\n\t\t<\/div>\n\t\t\t\t<\/div>\n\t\t\t\t<\/div>\n\t\t\t\t<div class=\"elementor-element elementor-element-23ea167 elementor-widget elementor-widget-text-editor\" data-id=\"23ea167\" data-element_type=\"widget\" data-widget_type=\"text-editor.default\">\n\t\t\t\t<div class=\"elementor-widget-container\">\n\t\t\t\t\t\t\t<p><strong>&#8211; S\u00d3LAMENTE A MEDIOD\u00cdA &#8211;<\/strong><\/p>\t\t\t\t\t\t<\/div>\n\t\t\t\t<\/div>\n\t\t\t\t<div class=\"elementor-element elementor-element-4baf3c8 elementor-widget-divider--view-line elementor-widget elementor-widget-divider\" data-id=\"4baf3c8\" data-element_type=\"widget\" data-widget_type=\"divider.default\">\n\t\t\t\t<div class=\"elementor-widget-container\">\n\t\t\t\t\t<div class=\"elementor-divider\">\n\t\t\t<span class=\"elementor-divider-separator\">\n\t\t\t\t\t\t<\/span>\n\t\t<\/div>\n\t\t\t\t<\/div>\n\t\t\t\t<\/div>\n\t\t\t\t<div class=\"elementor-element elementor-element-5d1feda platosmenu elementor-widget elementor-widget-text-editor\" data-id=\"5d1feda\" data-element_type=\"widget\" data-widget_type=\"text-editor.default\">\n\t\t\t\t<div class=\"elementor-widget-container\">\n\t\t\t\t\t\t\t<p><strong>ENTRANTES<\/strong><br \/>PERLITA CAVIAR GRAN CRU ORIGIN FRANCES (20g)<br \/>Cr\u00e8me Fra\u00eeche | Blinis | Cebollino<br \/>95,00\u20ac<\/p><p>CARPACCIO DE CARABINERO<br \/>Aguacate | Mango | Jengibre<br \/>36,00\u20ac<\/p><p>CARPACCIO DE WAGYU<br \/>Trufa | Tom Kha Gai<br \/>36,00\u20ac<\/p><p>TEXTURAS DE REMOLACHA<br \/>Avellana | Queso de Cabra | Ponzu<br \/>22,00\u20ac<\/p><p>ARTURO SANCHEZ DIM SUM<br \/>Cinco Especias | Manzana | Jengibre<br \/>22,00\u20ac<\/p><p>RAVIOLI DE BOGAVANTE<br \/>Citronella | Quinoa | Gambas Mallorquinas<br \/>36,00\u20ac<\/p><p>\u00b7\u00b7\u00b7\u00b7\u00b7<\/p><p><strong>PRINCIPALES<\/strong><br \/>RISOTTO<br \/>Albahaca | Pi\u00f1ones | Burrata<br \/>38,00\u20ac<\/p><p>PESCADO DEL D\u00cdA<br \/>Apio | Yuzu<br \/>42,00\u20ac<\/p><p>SOLOMILLO DE TERNERA SIMMENTAL<br \/>Polenta | Boniato | Colmenillas<br \/>45,00\u20ac<\/p><p>MIYAZAKI WAGYU A5<br \/>Polenta | Boniato | Colmenillas<br \/>115,00\u20ac<\/p><p>\u00b7\u00b7\u00b7\u00b7\u00b7<\/p><p><strong>POSTRES<\/strong><br \/>PRALIN\u00c9 DE ALMENDRA Y MISO<br \/>Caramelo | Albaricoque | Vainilla<br \/>16,00\u20ac<\/p><p>PANNA COTTA<br \/>Vainilla | Agua de rosas | Fresa<br \/>16,00\u20ac<\/p><p>FRUTA DE LA PASI\u00d3N<br \/>Pi\u00f1a | Champan<br \/>16,00\u20ac<\/p>\t\t\t\t\t\t<\/div>\n\t\t\t\t<\/div>\n\t\t\t\t\t<\/div>\n\t\t<\/div>\n\t\t\t\t\t\t\t<\/div>\n\t\t<\/section>\n\t\t\t\t<section class=\"elementor-section elementor-top-section elementor-element elementor-element-6bac92c elementor-section-full_width elementor-section-height-default elementor-section-height-default\" data-id=\"6bac92c\" data-element_type=\"section\" data-settings=\"{&quot;background_background&quot;:&quot;classic&quot;}\">\n\t\t\t\t\t\t<div class=\"elementor-container elementor-column-gap-no\">\n\t\t\t\t\t<div class=\"elementor-column elementor-col-100 elementor-top-column elementor-element elementor-element-4e2a854\" data-id=\"4e2a854\" data-element_type=\"column\" data-settings=\"{&quot;background_background&quot;:&quot;classic&quot;}\">\n\t\t\t<div class=\"elementor-widget-wrap elementor-element-populated\">\n\t\t\t\t\t\t\t\t<div class=\"elementor-element elementor-element-09416c2 elementor-widget elementor-widget-text-editor\" data-id=\"09416c2\" data-element_type=\"widget\" data-widget_type=\"text-editor.default\">\n\t\t\t\t<div class=\"elementor-widget-container\">\n\t\t\t\t\t\t\t<p>Establecimiento con informaci\u00f3n disponible en materia de alergias e intolerancias alimentarias.<br \/>Soliciten informaci\u00f3n a nuestro personal. Gracias.<br \/><br \/>Este establecimiento cumple con lo establecido en el RD 1420\/2006 relativo a la prevenci\u00f3n de la parasitosis por anisakis.<br \/><br \/>(*) Los men\u00fas est\u00e1n sujetos a cambios seg\u00fan variaciones de producto de mercado.<\/p>\t\t\t\t\t\t<\/div>\n\t\t\t\t<\/div>\n\t\t\t\t\t<\/div>\n\t\t<\/div>\n\t\t\t\t\t\t\t<\/div>\n\t\t<\/section>\n\t\t\t\t\t\t\t<\/div>\n\t\t","protected":false},"excerpt":{"rendered":"<p>menu A LA CARTA VINOS volver a men\u00fas a la carta &#8211; S\u00d3LAMENTE A MEDIOD\u00cdA &#8211; ENTRANTESPERLITA CAVIAR GRAN CRU ORIGIN FRANCES (20g)Cr\u00e8me Fra\u00eeche | Blinis | Cebollino95,00\u20ac CARPACCIO DE CARABINEROAguacate | Mango | Jengibre36,00\u20ac CARPACCIO DE WAGYUTrufa | Tom Kha Gai36,00\u20ac TEXTURAS DE REMOLACHAAvellana | Queso de Cabra | Ponzu22,00\u20ac ARTURO SANCHEZ DIM SUMCinco [&hellip;]<\/p>\n","protected":false},"author":1,"featured_media":0,"parent":0,"menu_order":0,"comment_status":"closed","ping_status":"closed","template":"elementor_header_footer","meta":{"inline_featured_image":false,"footnotes":""},"class_list":["post-2190","page","type-page","status-publish","hentry"],"_links":{"self":[{"href":"https:\/\/ferapalma.com\/carta\/dia\/wp-json\/wp\/v2\/pages\/2190","targetHints":{"allow":["GET"]}}],"collection":[{"href":"https:\/\/ferapalma.com\/carta\/dia\/wp-json\/wp\/v2\/pages"}],"about":[{"href":"https:\/\/ferapalma.com\/carta\/dia\/wp-json\/wp\/v2\/types\/page"}],"author":[{"embeddable":true,"href":"https:\/\/ferapalma.com\/carta\/dia\/wp-json\/wp\/v2\/users\/1"}],"replies":[{"embeddable":true,"href":"https:\/\/ferapalma.com\/carta\/dia\/wp-json\/wp\/v2\/comments?post=2190"}],"version-history":[{"count":157,"href":"https:\/\/ferapalma.com\/carta\/dia\/wp-json\/wp\/v2\/pages\/2190\/revisions"}],"predecessor-version":[{"id":13319,"href":"https:\/\/ferapalma.com\/carta\/dia\/wp-json\/wp\/v2\/pages\/2190\/revisions\/13319"}],"wp:attachment":[{"href":"https:\/\/ferapalma.com\/carta\/dia\/wp-json\/wp\/v2\/media?parent=2190"}],"curies":[{"name":"wp","href":"https:\/\/api.w.org\/{rel}","templated":true}]}}