{"id":2669,"date":"2022-03-22T11:09:56","date_gmt":"2022-03-22T11:09:56","guid":{"rendered":"https:\/\/ferapalma.com\/carta\/dia\/alacarta\/"},"modified":"2024-04-04T06:42:31","modified_gmt":"2024-04-04T06:42:31","slug":"a_la_carte","status":"publish","type":"page","link":"https:\/\/ferapalma.com\/carta\/dia\/de\/a_la_carte\/","title":{"rendered":"A la carte"},"content":{"rendered":"\t\t<div data-elementor-type=\"wp-page\" data-elementor-id=\"2669\" class=\"elementor elementor-2669\">\n\t\t\t\t\t\t\t\t\t<section class=\"elementor-section elementor-top-section elementor-element elementor-element-49a4279 elementor-section-full_width elementor-section-height-default elementor-section-height-default\" data-id=\"49a4279\" data-element_type=\"section\" id=\"header-normal\" data-settings=\"{&quot;background_background&quot;:&quot;classic&quot;}\">\n\t\t\t\t\t\t\t<div class=\"elementor-background-overlay\"><\/div>\n\t\t\t\t\t\t\t<div class=\"elementor-container elementor-column-gap-no\">\n\t\t\t\t\t<div class=\"elementor-column elementor-col-100 elementor-top-column elementor-element elementor-element-6547c0a\" data-id=\"6547c0a\" data-element_type=\"column\">\n\t\t\t<div class=\"elementor-widget-wrap elementor-element-populated\">\n\t\t\t\t\t\t\t\t<section class=\"elementor-section elementor-inner-section elementor-element elementor-element-cab03bc elementor-section-boxed elementor-section-height-default elementor-section-height-default\" data-id=\"cab03bc\" data-element_type=\"section\">\n\t\t\t\t\t\t<div class=\"elementor-container elementor-column-gap-no\">\n\t\t\t\t\t<div class=\"elementor-column elementor-col-100 elementor-inner-column elementor-element elementor-element-f56e4ab\" data-id=\"f56e4ab\" data-element_type=\"column\">\n\t\t\t<div class=\"elementor-widget-wrap elementor-element-populated\">\n\t\t\t\t\t\t\t\t<div class=\"elementor-element elementor-element-faa4618 elementor-align-center abrirmenu elementor-widget elementor-widget-button\" data-id=\"faa4618\" data-element_type=\"widget\" data-widget_type=\"button.default\">\n\t\t\t\t<div class=\"elementor-widget-container\">\n\t\t\t\t\t<div class=\"elementor-button-wrapper\">\n\t\t\t<a class=\"elementor-button elementor-size-sm\" role=\"button\">\n\t\t\t\t\t\t<span class=\"elementor-button-content-wrapper\">\n\t\t\t\t\t\t<span class=\"elementor-button-text\">menu<\/span>\n\t\t<\/span>\n\t\t\t\t\t<\/a>\n\t\t<\/div>\n\t\t\t\t<\/div>\n\t\t\t\t<\/div>\n\t\t\t\t\t<\/div>\n\t\t<\/div>\n\t\t\t\t\t\t\t<\/div>\n\t\t<\/section>\n\t\t\t\t\t<\/div>\n\t\t<\/div>\n\t\t\t\t\t\t\t<\/div>\n\t\t<\/section>\n\t\t\t\t<section class=\"elementor-section elementor-top-section elementor-element elementor-element-e3cccc9 elementor-section-full_width elementor-section-height-default elementor-section-height-default\" data-id=\"e3cccc9\" data-element_type=\"section\" id=\"menu\" data-settings=\"{&quot;background_background&quot;:&quot;classic&quot;}\">\n\t\t\t\t\t\t<div class=\"elementor-container elementor-column-gap-no\">\n\t\t\t\t\t<div class=\"elementor-column elementor-col-100 elementor-top-column elementor-element elementor-element-9b31c14\" data-id=\"9b31c14\" data-element_type=\"column\">\n\t\t\t<div class=\"elementor-widget-wrap elementor-element-populated\">\n\t\t\t\t\t\t\t\t<section class=\"elementor-section elementor-inner-section elementor-element elementor-element-4480127 botones elementor-section-boxed elementor-section-height-default elementor-section-height-default\" data-id=\"4480127\" data-element_type=\"section\">\n\t\t\t\t\t\t<div class=\"elementor-container elementor-column-gap-no\">\n\t\t\t\t\t<div class=\"elementor-column elementor-col-100 elementor-inner-column elementor-element elementor-element-335723d\" data-id=\"335723d\" data-element_type=\"column\">\n\t\t\t<div class=\"elementor-widget-wrap elementor-element-populated\">\n\t\t\t\t\t\t\t\t<div class=\"elementor-element elementor-element-c9fcc37 elementor-align-center elementor-widget__width-auto elementor-widget elementor-widget-button\" data-id=\"c9fcc37\" data-element_type=\"widget\" data-widget_type=\"button.default\">\n\t\t\t\t<div class=\"elementor-widget-container\">\n\t\t\t\t\t<div class=\"elementor-button-wrapper\">\n\t\t\t<a href=\"https:\/\/ferapalma.com\/carta\/dia\/de\/a_la_carte\/\" class=\"elementor-button-link elementor-button elementor-size-sm\" role=\"button\">\n\t\t\t\t\t\t<span class=\"elementor-button-content-wrapper\">\n\t\t\t\t\t\t<span class=\"elementor-button-text\">A LA CARTE<\/span>\n\t\t<\/span>\n\t\t\t\t\t<\/a>\n\t\t<\/div>\n\t\t\t\t<\/div>\n\t\t\t\t<\/div>\n\t\t\t\t<div class=\"elementor-element elementor-element-6277233 elementor-align-center elementor-widget__width-auto elementor-widget elementor-widget-button\" data-id=\"6277233\" data-element_type=\"widget\" data-widget_type=\"button.default\">\n\t\t\t\t<div class=\"elementor-widget-container\">\n\t\t\t\t\t<div class=\"elementor-button-wrapper\">\n\t\t\t<a href=\"https:\/\/ferapalma.com\/carta\/dia\/de\/weinkarte\/\" class=\"elementor-button-link elementor-button elementor-size-sm\" role=\"button\">\n\t\t\t\t\t\t<span class=\"elementor-button-content-wrapper\">\n\t\t\t\t\t\t<span class=\"elementor-button-text\">WEINKARTE<\/span>\n\t\t<\/span>\n\t\t\t\t\t<\/a>\n\t\t<\/div>\n\t\t\t\t<\/div>\n\t\t\t\t<\/div>\n\t\t\t\t\t<\/div>\n\t\t<\/div>\n\t\t\t\t\t\t\t<\/div>\n\t\t<\/section>\n\t\t\t\t<section class=\"elementor-section elementor-inner-section elementor-element elementor-element-a128021 elementor-section-full_width elementor-section-content-top elementor-section-height-default elementor-section-height-default\" data-id=\"a128021\" data-element_type=\"section\">\n\t\t\t\t\t\t<div class=\"elementor-container elementor-column-gap-no\">\n\t\t\t\t\t<div class=\"elementor-column elementor-col-100 elementor-inner-column elementor-element elementor-element-6a37215\" data-id=\"6a37215\" data-element_type=\"column\">\n\t\t\t<div class=\"elementor-widget-wrap elementor-element-populated\">\n\t\t\t\t\t\t\t\t<div class=\"elementor-element elementor-element-da5a402 cerrarmenu elementor-widget__width-auto elementor-view-default elementor-widget elementor-widget-icon\" data-id=\"da5a402\" data-element_type=\"widget\" data-widget_type=\"icon.default\">\n\t\t\t\t<div class=\"elementor-widget-container\">\n\t\t\t\t\t<div class=\"elementor-icon-wrapper\">\n\t\t\t<div class=\"elementor-icon\">\n\t\t\t<svg xmlns=\"http:\/\/www.w3.org\/2000\/svg\" xmlns:xlink=\"http:\/\/www.w3.org\/1999\/xlink\" id=\"Capa_1\" x=\"0px\" y=\"0px\" viewBox=\"0 0 85.1 85.1\" style=\"enable-background:new 0 0 85.1 85.1;\" xml:space=\"preserve\"><style type=\"text\/css\">\t.st0{fill:none;stroke:#000000;stroke-width:2;}<\/style><line class=\"st0\" x1=\"0\" y1=\"0\" x2=\"85.1\" y2=\"85.1\"><\/line><line class=\"st0\" x1=\"85.1\" y1=\"0\" x2=\"0\" y2=\"85.1\"><\/line><\/svg>\t\t\t<\/div>\n\t\t<\/div>\n\t\t\t\t<\/div>\n\t\t\t\t<\/div>\n\t\t\t\t<div class=\"elementor-element elementor-element-808aca6 elementor-widget__width-auto elementor-absolute elementor-widget elementor-widget-button\" data-id=\"808aca6\" data-element_type=\"widget\" data-settings=\"{&quot;_position&quot;:&quot;absolute&quot;}\" data-widget_type=\"button.default\">\n\t\t\t\t<div class=\"elementor-widget-container\">\n\t\t\t\t\t<div class=\"elementor-button-wrapper\">\n\t\t\t<a href=\"https:\/\/ferapalma.com\/carta\/dia\/de\/auswahl\/\" class=\"elementor-button-link elementor-button elementor-size-sm\" role=\"button\">\n\t\t\t\t\t\t<span class=\"elementor-button-content-wrapper\">\n\t\t\t\t\t\t\t<span class=\"elementor-button-icon elementor-align-icon-left\">\n\t\t\t\t<i aria-hidden=\"true\" class=\"fas fa-angle-left\"><\/i>\t\t\t<\/span>\n\t\t\t\t\t\t<span class=\"elementor-button-text\">BACK TO MENUS<\/span>\n\t\t<\/span>\n\t\t\t\t\t<\/a>\n\t\t<\/div>\n\t\t\t\t<\/div>\n\t\t\t\t<\/div>\n\t\t\t\t\t<\/div>\n\t\t<\/div>\n\t\t\t\t\t\t\t<\/div>\n\t\t<\/section>\n\t\t\t\t\t<\/div>\n\t\t<\/div>\n\t\t\t\t\t\t\t<\/div>\n\t\t<\/section>\n\t\t\t\t<section class=\"elementor-section elementor-top-section elementor-element elementor-element-2a01ad0 espaciook elementor-section-full_width elementor-section-height-default elementor-section-height-default\" data-id=\"2a01ad0\" data-element_type=\"section\" id=\"espaciosuperior\" data-settings=\"{&quot;background_background&quot;:&quot;classic&quot;}\">\n\t\t\t\t\t\t<div class=\"elementor-container elementor-column-gap-default\">\n\t\t\t\t\t<div class=\"elementor-column elementor-col-100 elementor-top-column elementor-element elementor-element-6effa34\" data-id=\"6effa34\" data-element_type=\"column\">\n\t\t\t<div class=\"elementor-widget-wrap elementor-element-populated\">\n\t\t\t\t\t\t\t\t<div class=\"elementor-element elementor-element-d1c8bcb elementor-widget elementor-widget-spacer\" data-id=\"d1c8bcb\" data-element_type=\"widget\" data-widget_type=\"spacer.default\">\n\t\t\t\t<div class=\"elementor-widget-container\">\n\t\t\t\t\t<div class=\"elementor-spacer\">\n\t\t\t<div class=\"elementor-spacer-inner\"><\/div>\n\t\t<\/div>\n\t\t\t\t<\/div>\n\t\t\t\t<\/div>\n\t\t\t\t\t<\/div>\n\t\t<\/div>\n\t\t\t\t\t\t\t<\/div>\n\t\t<\/section>\n\t\t\t\t<section class=\"elementor-section elementor-top-section elementor-element elementor-element-9c40d09 platos elementor-section-boxed elementor-section-height-default elementor-section-height-default\" data-id=\"9c40d09\" data-element_type=\"section\" id=\"alacarta\">\n\t\t\t\t\t\t<div class=\"elementor-container elementor-column-gap-no\">\n\t\t\t\t\t<div class=\"elementor-column elementor-col-100 elementor-top-column elementor-element elementor-element-b575899\" data-id=\"b575899\" data-element_type=\"column\">\n\t\t\t<div class=\"elementor-widget-wrap elementor-element-populated\">\n\t\t\t\t\t\t\t\t<div class=\"elementor-element elementor-element-953a5ad elementor-widget elementor-widget-spacer\" data-id=\"953a5ad\" data-element_type=\"widget\" data-widget_type=\"spacer.default\">\n\t\t\t\t<div class=\"elementor-widget-container\">\n\t\t\t\t\t<div class=\"elementor-spacer\">\n\t\t\t<div class=\"elementor-spacer-inner\"><\/div>\n\t\t<\/div>\n\t\t\t\t<\/div>\n\t\t\t\t<\/div>\n\t\t\t\t<div class=\"elementor-element elementor-element-5ce4eae elementor-widget elementor-widget-image\" data-id=\"5ce4eae\" data-element_type=\"widget\" data-widget_type=\"image.default\">\n\t\t\t\t<div class=\"elementor-widget-container\">\n\t\t\t\t\t\t\t\t\t\t\t\t\t\t\t<img loading=\"lazy\" decoding=\"async\" width=\"250\" height=\"424\" src=\"https:\/\/ferapalma.com\/carta\/dia\/wp-content\/uploads\/2022\/03\/logo-fera.png\" class=\"attachment-large size-large\" alt=\"\" srcset=\"https:\/\/ferapalma.com\/carta\/dia\/wp-content\/uploads\/2022\/03\/logo-fera.png 250w, https:\/\/ferapalma.com\/carta\/dia\/wp-content\/uploads\/2022\/03\/logo-fera-177x300.png 177w\" sizes=\"auto, (max-width: 250px) 100vw, 250px\" \/>\t\t\t\t\t\t\t\t\t\t\t\t\t\t\t<\/div>\n\t\t\t\t<\/div>\n\t\t\t\t<div class=\"elementor-element elementor-element-58cc4f6 elementor-widget elementor-widget-spacer\" data-id=\"58cc4f6\" data-element_type=\"widget\" data-widget_type=\"spacer.default\">\n\t\t\t\t<div class=\"elementor-widget-container\">\n\t\t\t\t\t<div class=\"elementor-spacer\">\n\t\t\t<div class=\"elementor-spacer-inner\"><\/div>\n\t\t<\/div>\n\t\t\t\t<\/div>\n\t\t\t\t<\/div>\n\t\t\t\t<div class=\"elementor-element elementor-element-9329b32 titular elementor-widget elementor-widget-heading\" data-id=\"9329b32\" data-element_type=\"widget\" data-widget_type=\"heading.default\">\n\t\t\t\t<div class=\"elementor-widget-container\">\n\t\t\t<div class=\"elementor-heading-title elementor-size-default\">a la carte<\/div>\t\t<\/div>\n\t\t\t\t<\/div>\n\t\t\t\t<div class=\"elementor-element elementor-element-57d1853 elementor-widget elementor-widget-spacer\" data-id=\"57d1853\" data-element_type=\"widget\" data-widget_type=\"spacer.default\">\n\t\t\t\t<div class=\"elementor-widget-container\">\n\t\t\t\t\t<div class=\"elementor-spacer\">\n\t\t\t<div class=\"elementor-spacer-inner\"><\/div>\n\t\t<\/div>\n\t\t\t\t<\/div>\n\t\t\t\t<\/div>\n\t\t\t\t<div class=\"elementor-element elementor-element-7c24b53 elementor-widget elementor-widget-text-editor\" data-id=\"7c24b53\" data-element_type=\"widget\" data-widget_type=\"text-editor.default\">\n\t\t\t\t<div class=\"elementor-widget-container\">\n\t\t\t\t\t\t\t<p><strong>&#8211; NUR MITTAGS &#8211;<\/strong><\/p>\t\t\t\t\t\t<\/div>\n\t\t\t\t<\/div>\n\t\t\t\t<div class=\"elementor-element elementor-element-4baf3c8 elementor-widget-divider--view-line elementor-widget elementor-widget-divider\" data-id=\"4baf3c8\" data-element_type=\"widget\" data-widget_type=\"divider.default\">\n\t\t\t\t<div class=\"elementor-widget-container\">\n\t\t\t\t\t<div class=\"elementor-divider\">\n\t\t\t<span class=\"elementor-divider-separator\">\n\t\t\t\t\t\t<\/span>\n\t\t<\/div>\n\t\t\t\t<\/div>\n\t\t\t\t<\/div>\n\t\t\t\t<div class=\"elementor-element elementor-element-cd65e9b platosmenu elementor-widget elementor-widget-text-editor\" data-id=\"cd65e9b\" data-element_type=\"widget\" data-widget_type=\"text-editor.default\">\n\t\t\t\t<div class=\"elementor-widget-container\">\n\t\t\t\t\t\t\t<p><strong>VORSPEISEN<br \/><\/strong>PERLITA CAVIAR GRAN CRU HERKUNFT FRANKREICH (20g)<br \/>Creme Fra\u00eeche | Blinis | Schnittlauch<br \/>95,00\u20ac<\/p><p>CARABINERO CARPACCIO<br \/>Avocado| Mango | Ingwer<br \/>36,00\u20ac<\/p><p>WAGYU CARPACCIO<br \/>Tr\u00fcffel | Tom Kha Gai<br \/>36,00\u20ac<\/p><p>ROTE BEETE IN TEXTUREN<br \/>Haselnuss | Ziegenk\u00e4se | Ponzu<br \/>22,00\u20ac<\/p><p>ARTURO SANCHEZ DIM SUM<br \/>F\u00fcnf Gew\u00fcrze | Apfel | Ingwer<br \/>22,00\u20ac<\/p><p>HUMMER RAVIOLI<br \/>Zitronengras | Quinoa | Mallorquinische Garnelen<br \/>36,00\u20ac<\/p><p>\u00b7\u00b7\u00b7\u00b7\u00b7<\/p><p><strong>HAUPTG\u00c4NGE<\/strong><br \/>RISOTTO<br \/>Basilikum | Pinienkerne | Burrata<br \/>38,00\u20ac<\/p><p>TAGESFANG<br \/>Sellerie | Yuzu<br \/>42,00\u20ac<\/p><p>SIMMENTALER RINDERFILET<br \/>Polenta | S\u00fcsskartoffel | Morcheln<br \/>45,00\u20ac<\/p><p>MIYAZAKI WAGYU A5<br \/>Polenta | S\u00fcsskartoffel | Morcheln<br \/>115,00\u20ac<\/p><p>\u00b7\u00b7\u00b7\u00b7\u00b7<\/p><p><strong>DESSERTS<\/strong><br \/>MANDEL MISO PRALINE<br \/>Karamel | Aprikose | Vanille<br \/>16,00\u20ac<\/p><p>PANNA COTTA<br \/>Vanille | Rosenwasser | Erdbeere<br \/>16,00\u20ac<\/p><p>PASSIONFRUCHT<br \/>Ananas | Champagner<br \/>16,00\u20ac<\/p>\t\t\t\t\t\t<\/div>\n\t\t\t\t<\/div>\n\t\t\t\t\t<\/div>\n\t\t<\/div>\n\t\t\t\t\t\t\t<\/div>\n\t\t<\/section>\n\t\t\t\t<section class=\"elementor-section elementor-top-section elementor-element elementor-element-6bac92c elementor-section-full_width elementor-section-height-default elementor-section-height-default\" data-id=\"6bac92c\" data-element_type=\"section\" data-settings=\"{&quot;background_background&quot;:&quot;classic&quot;}\">\n\t\t\t\t\t\t<div class=\"elementor-container elementor-column-gap-no\">\n\t\t\t\t\t<div class=\"elementor-column elementor-col-100 elementor-top-column elementor-element elementor-element-4e2a854\" data-id=\"4e2a854\" data-element_type=\"column\" data-settings=\"{&quot;background_background&quot;:&quot;classic&quot;}\">\n\t\t\t<div class=\"elementor-widget-wrap elementor-element-populated\">\n\t\t\t\t\t\t\t\t<div class=\"elementor-element elementor-element-09416c2 elementor-widget elementor-widget-text-editor\" data-id=\"09416c2\" data-element_type=\"widget\" data-widget_type=\"text-editor.default\">\n\t\t\t\t<div class=\"elementor-widget-container\">\n\t\t\t\t\t\t\t<p>Unser Restaurant verf\u00fcgt \u00fcber Informationen zu Allergien und Lebensmittelunvertr\u00e4glichkeiten.<br \/>Bitte wenden Sie sich an unser Personal! Vielen Dank!<\/p><p>Este establecimiento cumple con lo establecido en el RD 1420\/2006 relativo a la prevenci\u00f3n de la parasitosis por anisakis.<\/p><p>(*) Die Men\u00fcs k\u00f6nnen sich je nach aktuellem Marktangebot \u00e4ndern.<\/p>\t\t\t\t\t\t<\/div>\n\t\t\t\t<\/div>\n\t\t\t\t\t<\/div>\n\t\t<\/div>\n\t\t\t\t\t\t\t<\/div>\n\t\t<\/section>\n\t\t\t\t\t\t\t<\/div>\n\t\t","protected":false},"excerpt":{"rendered":"<p>menu A LA CARTE WEINKARTE BACK TO MENUS a la carte &#8211; NUR MITTAGS &#8211; VORSPEISENPERLITA CAVIAR GRAN CRU HERKUNFT FRANKREICH (20g)Creme Fra\u00eeche | Blinis | Schnittlauch95,00\u20ac CARABINERO CARPACCIOAvocado| Mango | Ingwer36,00\u20ac WAGYU CARPACCIOTr\u00fcffel | Tom Kha Gai36,00\u20ac ROTE BEETE IN TEXTURENHaselnuss | Ziegenk\u00e4se | Ponzu22,00\u20ac ARTURO SANCHEZ DIM SUMF\u00fcnf Gew\u00fcrze | Apfel | Ingwer22,00\u20ac [&hellip;]<\/p>\n","protected":false},"author":1,"featured_media":0,"parent":0,"menu_order":0,"comment_status":"closed","ping_status":"closed","template":"elementor_header_footer","meta":{"inline_featured_image":false,"footnotes":""},"class_list":["post-2669","page","type-page","status-publish","hentry"],"_links":{"self":[{"href":"https:\/\/ferapalma.com\/carta\/dia\/de\/wp-json\/wp\/v2\/pages\/2669","targetHints":{"allow":["GET"]}}],"collection":[{"href":"https:\/\/ferapalma.com\/carta\/dia\/de\/wp-json\/wp\/v2\/pages"}],"about":[{"href":"https:\/\/ferapalma.com\/carta\/dia\/de\/wp-json\/wp\/v2\/types\/page"}],"author":[{"embeddable":true,"href":"https:\/\/ferapalma.com\/carta\/dia\/de\/wp-json\/wp\/v2\/users\/1"}],"replies":[{"embeddable":true,"href":"https:\/\/ferapalma.com\/carta\/dia\/de\/wp-json\/wp\/v2\/comments?post=2669"}],"version-history":[{"count":115,"href":"https:\/\/ferapalma.com\/carta\/dia\/de\/wp-json\/wp\/v2\/pages\/2669\/revisions"}],"predecessor-version":[{"id":13325,"href":"https:\/\/ferapalma.com\/carta\/dia\/de\/wp-json\/wp\/v2\/pages\/2669\/revisions\/13325"}],"wp:attachment":[{"href":"https:\/\/ferapalma.com\/carta\/dia\/de\/wp-json\/wp\/v2\/media?parent=2669"}],"curies":[{"name":"wp","href":"https:\/\/api.w.org\/{rel}","templated":true}]}}